{"id":1974,"date":"2023-10-02T13:37:31","date_gmt":"2023-10-02T11:37:31","guid":{"rendered":"https:\/\/www.huriup.org\/?page_id=1974"},"modified":"2023-10-19T17:58:24","modified_gmt":"2023-10-19T15:58:24","slug":"business-model","status":"publish","type":"page","link":"https:\/\/www.huriup.org\/fr\/business-model\/","title":{"rendered":"Business Model"},"content":{"rendered":"<div data-elementor-type=\"wp-page\" data-elementor-id=\"1974\" class=\"elementor elementor-1974\" data-elementor-post-type=\"page\">\n\t\t\t\t<div class=\"elementor-element elementor-element-c85ea03 e-con-full e-flex e-con e-parent\" data-id=\"c85ea03\" data-element_type=\"container\">\n\t\t\t\t<div class=\"elementor-element elementor-element-e8ee0c3 elementor-hidden-mobile elementor-widget elementor-widget-image\" data-id=\"e8ee0c3\" data-element_type=\"widget\" data-widget_type=\"image.default\">\n\t\t\t\t<div class=\"elementor-widget-container\">\n\t\t\t\t\t\t\t\t\t\t\t\t\t\t\t<img fetchpriority=\"high\" decoding=\"async\" width=\"1920\" height=\"792\" src=\"https:\/\/www.huriup.org\/wp-content\/uploads\/2024\/01\/businessmodelFR.jpg\" class=\"attachment-full size-full wp-image-2335\" alt=\"Business Model Graphic\" srcset=\"https:\/\/www.huriup.org\/wp-content\/uploads\/2024\/01\/businessmodelFR.jpg 1920w, https:\/\/www.huriup.org\/wp-content\/uploads\/2024\/01\/businessmodelFR-300x124.jpg 300w, https:\/\/www.huriup.org\/wp-content\/uploads\/2024\/01\/businessmodelFR-1024x422.jpg 1024w, https:\/\/www.huriup.org\/wp-content\/uploads\/2024\/01\/businessmodelFR-768x317.jpg 768w, https:\/\/www.huriup.org\/wp-content\/uploads\/2024\/01\/businessmodelFR-1536x634.jpg 1536w, https:\/\/www.huriup.org\/wp-content\/uploads\/2024\/01\/businessmodelFR-18x7.jpg 18w, https:\/\/www.huriup.org\/wp-content\/uploads\/2024\/01\/businessmodelFR-700x289.jpg 700w, https:\/\/www.huriup.org\/wp-content\/uploads\/2024\/01\/businessmodelFR-1100x454.jpg 1100w\" sizes=\"(max-width: 1920px) 100vw, 1920px\" \/>\t\t\t\t\t\t\t\t\t\t\t\t\t\t\t<\/div>\n\t\t\t\t<\/div>\n\t\t\t\t<\/div>\n\t\t<div class=\"elementor-element elementor-element-407ac3fa e-con-full e-flex e-con e-parent\" data-id=\"407ac3fa\" data-element_type=\"container\" data-settings=\"{&quot;background_background&quot;:&quot;classic&quot;}\">\n\t\t\t\t<div class=\"elementor-element elementor-element-d79499e elementor-hidden-desktop elementor-hidden-tablet elementor-widget elementor-widget-image\" data-id=\"d79499e\" data-element_type=\"widget\" data-widget_type=\"image.default\">\n\t\t\t\t<div class=\"elementor-widget-container\">\n\t\t\t\t\t\t\t\t\t\t\t\t\t\t\t<img decoding=\"async\" width=\"881\" height=\"512\" src=\"https:\/\/www.huriup.org\/wp-content\/uploads\/2024\/01\/businessmodel-mobileFR.jpg\" class=\"attachment-large size-large wp-image-2339\" alt=\"Business Model Graphic\" srcset=\"https:\/\/www.huriup.org\/wp-content\/uploads\/2024\/01\/businessmodel-mobileFR.jpg 881w, https:\/\/www.huriup.org\/wp-content\/uploads\/2024\/01\/businessmodel-mobileFR-300x174.jpg 300w, https:\/\/www.huriup.org\/wp-content\/uploads\/2024\/01\/businessmodel-mobileFR-768x446.jpg 768w, https:\/\/www.huriup.org\/wp-content\/uploads\/2024\/01\/businessmodel-mobileFR-18x10.jpg 18w, https:\/\/www.huriup.org\/wp-content\/uploads\/2024\/01\/businessmodel-mobileFR-700x407.jpg 700w\" sizes=\"(max-width: 881px) 100vw, 881px\" \/>\t\t\t\t\t\t\t\t\t\t\t\t\t\t\t<\/div>\n\t\t\t\t<\/div>\n\t\t\t\t<div class=\"elementor-element elementor-element-7b248c23 elementor-widget__width-inherit animated-slow elementor-widget elementor-widget-text-editor\" data-id=\"7b248c23\" data-element_type=\"widget\" data-settings=\"{&quot;_animation&quot;:&quot;none&quot;}\" data-widget_type=\"text-editor.default\">\n\t\t\t\t<div class=\"elementor-widget-container\">\n\t\t\t\t\t\t\t\t\t<p><span style=\"font-weight: 400; color: #ffffff;\">Notre structure est une association \u00e0 but non lucratif. Les contributions financi\u00e8res sont d\u00e9fiscalis\u00e9es et attribu\u00e9es \u00e0 des missions sp\u00e9cifiques ou \u00e0 un fonds de solidarit\u00e9 au profit de projets soutenus. Vous pouvez \u00e9galement faire des don pour soutenir notre travail pro bono. L\u2019argent sera d\u00e9pens\u00e9 en r\u00e9mun\u00e9ration des consultants et en frais de d\u00e9placement si n\u00e9cessaire.\u00a0<\/span><\/p><p><span style=\"font-weight: 400; color: #ffffff;\">Notre charte \u00e9thique  garantit nos principes d\u00e9ontologiques (transparence, non-blanchiment d\u2019argent, confidentialit\u00e9, s\u00e9curit\u00e9, l\u00e9galit\u00e9, propri\u00e9t\u00e9 intellectuelle, care) .\u00a0<\/span><\/p>\t\t\t\t\t\t\t\t<\/div>\n\t\t\t\t<\/div>\n\t\t\t\t<\/div>\n\t\t\t\t<\/div>","protected":false},"excerpt":{"rendered":"<p>Our structure is a registered non profit association. Money contributions are tax deductible. They are allocated either to one specific mission or to a more general account for supported projects. You can also donate to support our pro bono work. Your money will be disbursed&#8230;<\/p>","protected":false},"author":2,"featured_media":0,"parent":0,"menu_order":0,"comment_status":"closed","ping_status":"closed","template":"","meta":{"footnotes":""},"class_list":["post-1974","page","type-page","status-publish","hentry"],"yoast_head":"<!-- This site is optimized with the Yoast SEO plugin v26.7 - https:\/\/yoast.com\/wordpress\/plugins\/seo\/ -->\n<title>Business Model - Huri Up<\/title>\n<meta name=\"description\" content=\"Huri Up builds partnerships and cost solidarity when providing services to big and small non-profit actors, in full transparency\" \/>\n<meta name=\"robots\" content=\"index, follow, max-snippet:-1, max-image-preview:large, max-video-preview:-1\" \/>\n<link rel=\"canonical\" href=\"https:\/\/www.huriup.org\/fr\/business-model\/\" \/>\n<meta property=\"og:locale\" content=\"fr_FR\" \/>\n<meta property=\"og:type\" content=\"article\" \/>\n<meta property=\"og:title\" content=\"Business Model - Huri Up\" \/>\n<meta property=\"og:description\" content=\"Huri Up builds partnerships and cost solidarity when providing services to big and small non-profit actors, in full transparency\" \/>\n<meta property=\"og:url\" content=\"https:\/\/www.huriup.org\/fr\/business-model\/\" \/>\n<meta property=\"og:site_name\" content=\"Huri Up\" \/>\n<meta property=\"article:modified_time\" content=\"2023-10-19T15:58:24+00:00\" \/>\n<meta property=\"og:image\" content=\"https:\/\/www.huriup.org\/wp-content\/uploads\/2023\/10\/businessmodel.jpg\" \/>\n<meta name=\"twitter:card\" content=\"summary_large_image\" \/>\n<meta name=\"twitter:label1\" content=\"Dur\u00e9e de lecture estim\u00e9e\" \/>\n\t<meta name=\"twitter:data1\" content=\"1 minute\" \/>\n<script type=\"application\/ld+json\" class=\"yoast-schema-graph\">{\"@context\":\"https:\/\/schema.org\",\"@graph\":[{\"@type\":\"WebPage\",\"@id\":\"https:\/\/www.huriup.org\/business-model\/\",\"url\":\"https:\/\/www.huriup.org\/business-model\/\",\"name\":\"Business Model - Huri Up\",\"isPartOf\":{\"@id\":\"https:\/\/www.huriup.org\/#website\"},\"primaryImageOfPage\":{\"@id\":\"https:\/\/www.huriup.org\/business-model\/#primaryimage\"},\"image\":{\"@id\":\"https:\/\/www.huriup.org\/business-model\/#primaryimage\"},\"thumbnailUrl\":\"https:\/\/www.huriup.org\/wp-content\/uploads\/2023\/10\/businessmodel.jpg\",\"datePublished\":\"2023-10-02T11:37:31+00:00\",\"dateModified\":\"2023-10-19T15:58:24+00:00\",\"description\":\"Huri Up builds partnerships and cost solidarity when providing services to big and small non-profit actors, in full transparency\",\"breadcrumb\":{\"@id\":\"https:\/\/www.huriup.org\/business-model\/#breadcrumb\"},\"inLanguage\":\"fr-FR\",\"potentialAction\":[{\"@type\":\"ReadAction\",\"target\":[\"https:\/\/www.huriup.org\/business-model\/\"]}]},{\"@type\":\"ImageObject\",\"inLanguage\":\"fr-FR\",\"@id\":\"https:\/\/www.huriup.org\/business-model\/#primaryimage\",\"url\":\"https:\/\/www.huriup.org\/wp-content\/uploads\/2023\/10\/businessmodel.jpg\",\"contentUrl\":\"https:\/\/www.huriup.org\/wp-content\/uploads\/2023\/10\/businessmodel.jpg\"},{\"@type\":\"BreadcrumbList\",\"@id\":\"https:\/\/www.huriup.org\/business-model\/#breadcrumb\",\"itemListElement\":[{\"@type\":\"ListItem\",\"position\":1,\"name\":\"Accueil\",\"item\":\"https:\/\/www.huriup.org\/\"},{\"@type\":\"ListItem\",\"position\":2,\"name\":\"Business Model\"}]},{\"@type\":\"WebSite\",\"@id\":\"https:\/\/www.huriup.org\/#website\",\"url\":\"https:\/\/www.huriup.org\/\",\"name\":\"Huri Up\",\"description\":\"Legal &amp; Strategy Experts for Human Rights\",\"publisher\":{\"@id\":\"https:\/\/www.huriup.org\/#organization\"},\"potentialAction\":[{\"@type\":\"SearchAction\",\"target\":{\"@type\":\"EntryPoint\",\"urlTemplate\":\"https:\/\/www.huriup.org\/?s={search_term_string}\"},\"query-input\":{\"@type\":\"PropertyValueSpecification\",\"valueRequired\":true,\"valueName\":\"search_term_string\"}}],\"inLanguage\":\"fr-FR\"},{\"@type\":\"Organization\",\"@id\":\"https:\/\/www.huriup.org\/#organization\",\"name\":\"Huri Up\",\"url\":\"https:\/\/www.huriup.org\/\",\"logo\":{\"@type\":\"ImageObject\",\"inLanguage\":\"fr-FR\",\"@id\":\"https:\/\/www.huriup.org\/#\/schema\/logo\/image\/\",\"url\":\"https:\/\/www.huriup.org\/wp-content\/uploads\/2023\/09\/logo_black2.png\",\"contentUrl\":\"https:\/\/www.huriup.org\/wp-content\/uploads\/2023\/09\/logo_black2.png\",\"width\":426,\"height\":80,\"caption\":\"Huri Up\"},\"image\":{\"@id\":\"https:\/\/www.huriup.org\/#\/schema\/logo\/image\/\"}}]}<\/script>\n<!-- \/ Yoast SEO plugin. -->","yoast_head_json":{"title":"Business Model - Huri Up","description":"Huri Up builds partnerships and cost solidarity when providing services to big and small non-profit actors, in full transparency","robots":{"index":"index","follow":"follow","max-snippet":"max-snippet:-1","max-image-preview":"max-image-preview:large","max-video-preview":"max-video-preview:-1"},"canonical":"https:\/\/www.huriup.org\/fr\/business-model\/","og_locale":"fr_FR","og_type":"article","og_title":"Business Model - Huri Up","og_description":"Huri Up builds partnerships and cost solidarity when providing services to big and small non-profit actors, in full transparency","og_url":"https:\/\/www.huriup.org\/fr\/business-model\/","og_site_name":"Huri Up","article_modified_time":"2023-10-19T15:58:24+00:00","og_image":[{"url":"https:\/\/www.huriup.org\/wp-content\/uploads\/2023\/10\/businessmodel.jpg","type":"","width":"","height":""}],"twitter_card":"summary_large_image","twitter_misc":{"Dur\u00e9e de lecture estim\u00e9e":"1 minute"},"schema":{"@context":"https:\/\/schema.org","@graph":[{"@type":"WebPage","@id":"https:\/\/www.huriup.org\/business-model\/","url":"https:\/\/www.huriup.org\/business-model\/","name":"Business Model - Huri Up","isPartOf":{"@id":"https:\/\/www.huriup.org\/#website"},"primaryImageOfPage":{"@id":"https:\/\/www.huriup.org\/business-model\/#primaryimage"},"image":{"@id":"https:\/\/www.huriup.org\/business-model\/#primaryimage"},"thumbnailUrl":"https:\/\/www.huriup.org\/wp-content\/uploads\/2023\/10\/businessmodel.jpg","datePublished":"2023-10-02T11:37:31+00:00","dateModified":"2023-10-19T15:58:24+00:00","description":"Huri Up builds partnerships and cost solidarity when providing services to big and small non-profit actors, in full transparency","breadcrumb":{"@id":"https:\/\/www.huriup.org\/business-model\/#breadcrumb"},"inLanguage":"fr-FR","potentialAction":[{"@type":"ReadAction","target":["https:\/\/www.huriup.org\/business-model\/"]}]},{"@type":"ImageObject","inLanguage":"fr-FR","@id":"https:\/\/www.huriup.org\/business-model\/#primaryimage","url":"https:\/\/www.huriup.org\/wp-content\/uploads\/2023\/10\/businessmodel.jpg","contentUrl":"https:\/\/www.huriup.org\/wp-content\/uploads\/2023\/10\/businessmodel.jpg"},{"@type":"BreadcrumbList","@id":"https:\/\/www.huriup.org\/business-model\/#breadcrumb","itemListElement":[{"@type":"ListItem","position":1,"name":"Accueil","item":"https:\/\/www.huriup.org\/"},{"@type":"ListItem","position":2,"name":"Business Model"}]},{"@type":"WebSite","@id":"https:\/\/www.huriup.org\/#website","url":"https:\/\/www.huriup.org\/","name":"Huri Up","description":"Legal &amp; Strategy Experts for Human Rights","publisher":{"@id":"https:\/\/www.huriup.org\/#organization"},"potentialAction":[{"@type":"SearchAction","target":{"@type":"EntryPoint","urlTemplate":"https:\/\/www.huriup.org\/?s={search_term_string}"},"query-input":{"@type":"PropertyValueSpecification","valueRequired":true,"valueName":"search_term_string"}}],"inLanguage":"fr-FR"},{"@type":"Organization","@id":"https:\/\/www.huriup.org\/#organization","name":"Huri Up","url":"https:\/\/www.huriup.org\/","logo":{"@type":"ImageObject","inLanguage":"fr-FR","@id":"https:\/\/www.huriup.org\/#\/schema\/logo\/image\/","url":"https:\/\/www.huriup.org\/wp-content\/uploads\/2023\/09\/logo_black2.png","contentUrl":"https:\/\/www.huriup.org\/wp-content\/uploads\/2023\/09\/logo_black2.png","width":426,"height":80,"caption":"Huri Up"},"image":{"@id":"https:\/\/www.huriup.org\/#\/schema\/logo\/image\/"}}]}},"_links":{"self":[{"href":"https:\/\/www.huriup.org\/fr\/wp-json\/wp\/v2\/pages\/1974","targetHints":{"allow":["GET"]}}],"collection":[{"href":"https:\/\/www.huriup.org\/fr\/wp-json\/wp\/v2\/pages"}],"about":[{"href":"https:\/\/www.huriup.org\/fr\/wp-json\/wp\/v2\/types\/page"}],"author":[{"embeddable":true,"href":"https:\/\/www.huriup.org\/fr\/wp-json\/wp\/v2\/users\/2"}],"replies":[{"embeddable":true,"href":"https:\/\/www.huriup.org\/fr\/wp-json\/wp\/v2\/comments?post=1974"}],"version-history":[{"count":39,"href":"https:\/\/www.huriup.org\/fr\/wp-json\/wp\/v2\/pages\/1974\/revisions"}],"predecessor-version":[{"id":3619,"href":"https:\/\/www.huriup.org\/fr\/wp-json\/wp\/v2\/pages\/1974\/revisions\/3619"}],"wp:attachment":[{"href":"https:\/\/www.huriup.org\/fr\/wp-json\/wp\/v2\/media?parent=1974"}],"curies":[{"name":"wp","href":"https:\/\/api.w.org\/{rel}","templated":true}]}}